{"id":41,"date":"2023-04-15T20:13:14","date_gmt":"2023-04-15T20:13:14","guid":{"rendered":"https:\/\/ceudahoaska.org\/?page_id=41"},"modified":"2023-04-21T23:09:02","modified_gmt":"2023-04-21T23:09:02","slug":"contacts","status":"publish","type":"page","link":"https:\/\/ceudahoaska.org\/?page_id=41","title":{"rendered":"Cronograma"},"content":{"rendered":"\n<div class=\"wp-block-group pt-1 pb-2 is-layout-flow wp-block-group-is-layout-flow\"><div class=\"wp-block-group__inner-container\">\n<h6 class=\"wp-block-heading has-text-align-center is-style-small-text\"><mark style=\"background-color:var(--colorMain)\" class=\"has-inline-color has-light-color\">TRABALHOS<\/mark><\/h6>\n\n\n\n<h2 class=\"wp-block-heading has-text-align-center has-huge-font-size\" style=\"margin-top:15px;margin-bottom:20px\">Como participar dos Trabalhos<\/h2>\n\n\n\n<p class=\"has-text-align-center has-normal-font-size\">Nossos trabalhos acontecem a cada 14 dias. o C\u00e9u da Hoaska n\u00e3o \u00e9 uma casa aberta ao p\u00fablico, de forma que todos os irm\u00e3os e irm\u00e3s visitantes ou fardados que desejarem participar do retiro espiritual devem confirmar sua presen\u00e7a nos coment\u00e1rios pelo <a href=\"https:\/\/www.facebook.com\/ceudahoaska?mibextid=ZbWKwL\">link do facebook<\/a> que \u00e9 atualizado a cada trabalho.&nbsp;<\/p>\n\n\n\n<p><\/p>\n\n\n\n<p>Adicione os pr\u00f3ximos trabalhos em sua agenda:<\/p>\n\n\n\n<div class=\"wp-block-buttons is-layout-flex wp-block-buttons-is-layout-flex\">\n<div class=\"wp-block-button\"><a class=\"wp-block-button__link wp-element-button\" href=\"https:\/\/calendar.google.com\/calendar\/embed?src=2b2fc589755d8ad51479a1a32ad31936d5e7fdca9e7b6cfb8223a76e3dc281ab%40group.calendar.google.com&amp;ctz=America%2FSao_Paulo\" target=\"_blank\" rel=\"noreferrer noopener\">Adicionar Agenda<\/a><\/div>\n<\/div>\n\n\n\n<div style=\"height:54px\" aria-hidden=\"true\" class=\"wp-block-spacer\"><\/div>\n\n\n\n<iframe src=\"https:\/\/calendar.google.com\/calendar\/embed?height=600&#038;wkst=2&#038;bgcolor=%238E24AA&#038;ctz=America%2FSao_Paulo&#038;showTabs=0&#038;showCalendars=0&#038;showTz=0&#038;showPrint=0&#038;mode=MONTH&#038;title=CEU%20da%20Hoaska&#038;src=MmIyZmM1ODk3NTVkOGFkNTE0NzlhMWEzMmFkMzE5MzZkNWU3ZmRjYTllN2I2Y2ZiODIyM2E3NmUzZGMyODFhYkBncm91cC5jYWxlbmRhci5nb29nbGUuY29t&#038;color=%23AD1457\" style=\"border:solid 1px #777\" width=\"100%\" height=\"600\" frameborder=\"0\" scrolling=\"no\"><\/iframe>\n<\/div><\/div>\n\n\n\n<div class=\"wp-block-columns cols-single-sm gap-30 pt-2 pb-4 is-layout-flex wp-container-core-columns-layout-1 wp-block-columns-is-layout-flex\">\n<div class=\"wp-block-column is-layout-flow wp-block-column-is-layout-flow\"><div class=\"wp-block-image mb-0\">\n<figure class=\"aligncenter size-large is-resized\"><img decoding=\"async\" src=\"https:\/\/ceudahoaska.org\/wp-content\/themes\/exs\/assets\/img\/call-outline.png\" alt=\"\" class=\"wp-image-524\" width=\"38\" height=\"38\"\/><\/figure><\/div>\n\n\n<h4 class=\"wp-block-heading has-text-align-center mt-05 mb-0\"><strong>Contato<\/strong><\/h4>\n\n\n\n<p class=\"has-text-align-center mt-1\"><a href=\"https:\/\/wa.me\/556192212214\">(61) 99221-2214<\/a><\/p>\n<\/div>\n\n\n\n<div class=\"wp-block-column is-layout-flow wp-block-column-is-layout-flow\"><div class=\"wp-block-image mb-0\">\n<figure class=\"aligncenter size-large is-resized\"><img decoding=\"async\" src=\"https:\/\/ceudahoaska.org\/wp-content\/themes\/exs\/assets\/img\/location-outline.png\" alt=\"\" class=\"wp-image-502\" width=\"38\" height=\"38\"\/><\/figure><\/div>\n\n\n<h4 class=\"wp-block-heading has-text-align-center mt-05 mb-0\"><strong>Localiza\u00e7\u00e3o<\/strong><\/h4>\n\n\n\n<p class=\"has-text-align-center mt-1\">C\u00e9u da Hoaska \u2013 GO-225 <\/p>\n\n\n\n<p class=\"has-text-align-center mt-1\">Santo Ant\u00f4nio do Descoberto \u2013 GO<\/p>\n\n\n\n<iframe src=\"https:\/\/www.google.com\/maps\/embed?pb=!1m18!1m12!1m3!1d3837.4957522223463!2d-48.38224162465145!3d-15.883078125145387!2m3!1f0!2f0!3f0!3m2!1i1024!2i768!4f13.1!3m3!1m2!1s0x935bc3dcbb18030b%3A0xf82637be5ebb9c1e!2sC%C3%A9u%20da%20Hoaska!5e0!3m2!1spt-BR!2sbr!4v1681599143949!5m2!1spt-BR!2sbr\" width=\"600\" height=\"450\" style=\"border:0;\" allowfullscreen=\"\" loading=\"lazy\" referrerpolicy=\"no-referrer-when-downgrade\"><\/iframe>\n<\/div>\n<\/div>\n","protected":false},"excerpt":{"rendered":"<p>TRABALHOS Como participar dos Trabalhos Nossos trabalhos acontecem a cada 14 dias. o C\u00e9u da Hoaska n\u00e3o \u00e9 uma casa aberta ao p\u00fablico, de forma que todos os irm\u00e3os e irm\u00e3s visitantes ou fardados que desejarem participar do retiro espiritual devem confirmar sua presen\u00e7a nos coment\u00e1rios pelo link do facebook que \u00e9 atualizado a cada [&hellip;]<\/p>\n","protected":false},"author":1,"featured_media":0,"parent":0,"menu_order":0,"comment_status":"closed","ping_status":"closed","template":"","meta":{"footnotes":""},"_links":{"self":[{"href":"https:\/\/ceudahoaska.org\/index.php?rest_route=\/wp\/v2\/pages\/41"}],"collection":[{"href":"https:\/\/ceudahoaska.org\/index.php?rest_route=\/wp\/v2\/pages"}],"about":[{"href":"https:\/\/ceudahoaska.org\/index.php?rest_route=\/wp\/v2\/types\/page"}],"author":[{"embeddable":true,"href":"https:\/\/ceudahoaska.org\/index.php?rest_route=\/wp\/v2\/users\/1"}],"replies":[{"embeddable":true,"href":"https:\/\/ceudahoaska.org\/index.php?rest_route=%2Fwp%2Fv2%2Fcomments&post=41"}],"version-history":[{"count":16,"href":"https:\/\/ceudahoaska.org\/index.php?rest_route=\/wp\/v2\/pages\/41\/revisions"}],"predecessor-version":[{"id":239,"href":"https:\/\/ceudahoaska.org\/index.php?rest_route=\/wp\/v2\/pages\/41\/revisions\/239"}],"wp:attachment":[{"href":"https:\/\/ceudahoaska.org\/index.php?rest_route=%2Fwp%2Fv2%2Fmedia&parent=41"}],"curies":[{"name":"wp","href":"https:\/\/api.w.org\/{rel}","templated":true}]}}