{"id":39,"date":"2023-04-15T20:13:14","date_gmt":"2023-04-15T20:13:14","guid":{"rendered":"https:\/\/ceudahoaska.org\/?page_id=39"},"modified":"2023-12-05T11:16:26","modified_gmt":"2023-12-05T14:16:26","slug":"about-us","status":"publish","type":"page","link":"https:\/\/ceudahoaska.org\/?page_id=39","title":{"rendered":"Sobre"},"content":{"rendered":"\n<div class=\"wp-block-columns gap-60 is-layout-flex wp-container-core-columns-layout-1 wp-block-columns-is-layout-flex\">\n<div class=\"wp-block-column is-layout-flow wp-block-column-is-layout-flow\">\n<h3 class=\"wp-block-heading\">C\u00c9U DA HOASCA <\/h3>\n\n\n\n<p>SEJAM MUITO BEM-VINDOS\/AS \u00c0 NOSSA CASA FAMILIAR AMOROSA C\u00c9U DA HOASKA, UMA ESCOLA DE AUTOCONHECIMENTO, ESTUDO, ORA\u00c7\u00c3O E APROFUNDAMENTO ESPIRITUAL E PSICOL\u00d3GICO, PARA O BENEF\u00cdCIO DE TODOS OS SERES.<\/p>\n\n\n\n<p>Somos uma institui\u00e7\u00e3o religiosa sem fins lucrativos com trabalhos espirituais conhecida como C.E.U da Hoaska, aqui fazemos um trabalho universalista e ecum\u00eanico, respeitando-se todas as religi\u00f5es e linhas filos\u00f3ficas de amor, aqui utilizamos a bebida sacramental Ayahuasca ou santo Daime para aprofundamento espiritual e de autoconhecimento.<br><br>Nossos trabalhos ocorrem a cada 14 dias. o C\u00e9u da Hoaska n\u00e3o \u00e9 uma casa aberta ao p\u00fablico, de forma que todos os irm\u00e3os e irm\u00e3s visitantes ou fardados que desejarem participar do retiro espiritual devem confirmar sua presen\u00e7a pelo link do facebook.<\/p>\n\n\n\n<div class=\"wp-block-buttons mt-15 is-layout-flex wp-block-buttons-is-layout-flex\">\n<div class=\"wp-block-button is-style-arrow\"><a class=\"wp-block-button__link wp-element-button\" href=\"https:\/\/www.facebook.com\/ceudahoaska?mibextid=ZbWKwL\">Facebook<\/a><\/div>\n<\/div>\n\n\n\n<h3 class=\"wp-block-heading\">Nossa casinha amorosa<\/h3>\n\n\n\n<p>Em nossa casinha familiar amorosa primamos pelos relacionamentos com os irm\u00e3os e as irm\u00e3s, em luz, paz, amor e harmonia. Aproveitando a oportunidade de desfrutar de uma alimenta\u00e7\u00e3o saud\u00e1vel medicinal no almo\u00e7o, contribuir com as atividades para o bom funcionamento dos trabalhos, tomar banhos terap\u00eauticos de cura no pocinho e na cachoeira do cantinho do C\u00e9u, dormir ap\u00f3s o trabalho nos chal\u00e9s e acordar em plena alegria com a natureza em nossa volta.<\/p>\n\n\n\n<div class=\"wp-block-buttons mt-15 is-layout-flex wp-block-buttons-is-layout-flex\">\n<div class=\"wp-block-button is-style-arrow\"><a class=\"wp-block-button__link wp-element-button\" href=\"https:\/\/ceudahoaska.org\/?page_id=41\">Cronograma de Trabalhos<\/a><\/div>\n<\/div>\n<\/div>\n\n\n\n<div class=\"wp-block-column is-layout-flow wp-block-column-is-layout-flow\">\n<figure class=\"wp-block-image size-large\"><img fetchpriority=\"high\" decoding=\"async\" width=\"1024\" height=\"768\" src=\"https:\/\/ceudahoaska.org\/wp-content\/uploads\/2023\/04\/61817394_2780416152032173_941408671814909952_n-1024x768.jpg\" alt=\"\" class=\"wp-image-69\" srcset=\"https:\/\/ceudahoaska.org\/wp-content\/uploads\/2023\/04\/61817394_2780416152032173_941408671814909952_n-1024x768.jpg 1024w, https:\/\/ceudahoaska.org\/wp-content\/uploads\/2023\/04\/61817394_2780416152032173_941408671814909952_n-300x225.jpg 300w, https:\/\/ceudahoaska.org\/wp-content\/uploads\/2023\/04\/61817394_2780416152032173_941408671814909952_n-768x576.jpg 768w, https:\/\/ceudahoaska.org\/wp-content\/uploads\/2023\/04\/61817394_2780416152032173_941408671814909952_n-1140x855.jpg 1140w, https:\/\/ceudahoaska.org\/wp-content\/uploads\/2023\/04\/61817394_2780416152032173_941408671814909952_n.jpg 1280w\" sizes=\"(max-width: 1024px) 100vw, 1024px\" \/><\/figure>\n\n\n\n<p><\/p>\n\n\n\n<h3 class=\"wp-block-heading\">Contato<\/h3>\n\n\n\n<div style=\"height:20px\" aria-hidden=\"true\" class=\"wp-block-spacer\"><\/div>\n\n\n\n<ul class=\"wp-block-social-links is-layout-flex wp-block-social-links-is-layout-flex\"><li class=\"wp-social-link wp-social-link-whatsapp  wp-block-social-link\"><a href=\"https:\/\/wa.me\/556192212214\" class=\"wp-block-social-link-anchor\"><svg width=\"24\" height=\"24\" viewBox=\"0 0 24 24\" version=\"1.1\" xmlns=\"http:\/\/www.w3.org\/2000\/svg\" aria-hidden=\"true\" focusable=\"false\"><path d=\"M 12.011719 2 C 6.5057187 2 2.0234844 6.478375 2.0214844 11.984375 C 2.0204844 13.744375 2.4814687 15.462563 3.3554688 16.976562 L 2 22 L 7.2324219 20.763672 C 8.6914219 21.559672 10.333859 21.977516 12.005859 21.978516 L 12.009766 21.978516 C 17.514766 21.978516 21.995047 17.499141 21.998047 11.994141 C 22.000047 9.3251406 20.962172 6.8157344 19.076172 4.9277344 C 17.190172 3.0407344 14.683719 2.001 12.011719 2 z M 12.009766 4 C 14.145766 4.001 16.153109 4.8337969 17.662109 6.3417969 C 19.171109 7.8517969 20.000047 9.8581875 19.998047 11.992188 C 19.996047 16.396187 16.413812 19.978516 12.007812 19.978516 C 10.674812 19.977516 9.3544062 19.642812 8.1914062 19.007812 L 7.5175781 18.640625 L 6.7734375 18.816406 L 4.8046875 19.28125 L 5.2851562 17.496094 L 5.5019531 16.695312 L 5.0878906 15.976562 C 4.3898906 14.768562 4.0204844 13.387375 4.0214844 11.984375 C 4.0234844 7.582375 7.6067656 4 12.009766 4 z M 8.4765625 7.375 C 8.3095625 7.375 8.0395469 7.4375 7.8105469 7.6875 C 7.5815469 7.9365 6.9355469 8.5395781 6.9355469 9.7675781 C 6.9355469 10.995578 7.8300781 12.182609 7.9550781 12.349609 C 8.0790781 12.515609 9.68175 15.115234 12.21875 16.115234 C 14.32675 16.946234 14.754891 16.782234 15.212891 16.740234 C 15.670891 16.699234 16.690438 16.137687 16.898438 15.554688 C 17.106437 14.971687 17.106922 14.470187 17.044922 14.367188 C 16.982922 14.263188 16.816406 14.201172 16.566406 14.076172 C 16.317406 13.951172 15.090328 13.348625 14.861328 13.265625 C 14.632328 13.182625 14.464828 13.140625 14.298828 13.390625 C 14.132828 13.640625 13.655766 14.201187 13.509766 14.367188 C 13.363766 14.534188 13.21875 14.556641 12.96875 14.431641 C 12.71875 14.305641 11.914938 14.041406 10.960938 13.191406 C 10.218937 12.530406 9.7182656 11.714844 9.5722656 11.464844 C 9.4272656 11.215844 9.5585938 11.079078 9.6835938 10.955078 C 9.7955938 10.843078 9.9316406 10.663578 10.056641 10.517578 C 10.180641 10.371578 10.223641 10.267562 10.306641 10.101562 C 10.389641 9.9355625 10.347156 9.7890625 10.285156 9.6640625 C 10.223156 9.5390625 9.737625 8.3065 9.515625 7.8125 C 9.328625 7.3975 9.131125 7.3878594 8.953125 7.3808594 C 8.808125 7.3748594 8.6425625 7.375 8.4765625 7.375 z\"><\/path><\/svg><span class=\"wp-block-social-link-label screen-reader-text\">WhatsApp<\/span><\/a><\/li>\n\n<li class=\"wp-social-link wp-social-link-facebook  wp-block-social-link\"><a href=\"https:\/\/www.facebook.com\/ceudahoaska?mibextid=ZbWKwL\" class=\"wp-block-social-link-anchor\"><svg width=\"24\" height=\"24\" viewBox=\"0 0 24 24\" version=\"1.1\" xmlns=\"http:\/\/www.w3.org\/2000\/svg\" aria-hidden=\"true\" focusable=\"false\"><path d=\"M12 2C6.5 2 2 6.5 2 12c0 5 3.7 9.1 8.4 9.9v-7H7.9V12h2.5V9.8c0-2.5 1.5-3.9 3.8-3.9 1.1 0 2.2.2 2.2.2v2.5h-1.3c-1.2 0-1.6.8-1.6 1.6V12h2.8l-.4 2.9h-2.3v7C18.3 21.1 22 17 22 12c0-5.5-4.5-10-10-10z\"><\/path><\/svg><span class=\"wp-block-social-link-label screen-reader-text\">Facebook<\/span><\/a><\/li>\n\n\n\n<li class=\"wp-social-link wp-social-link-youtube  wp-block-social-link\"><a href=\"https:\/\/encurtador.com.br\/dhmE7\" class=\"wp-block-social-link-anchor\"><svg width=\"24\" height=\"24\" viewBox=\"0 0 24 24\" version=\"1.1\" xmlns=\"http:\/\/www.w3.org\/2000\/svg\" aria-hidden=\"true\" focusable=\"false\"><path d=\"M21.8,8.001c0,0-0.195-1.378-0.795-1.985c-0.76-0.797-1.613-0.801-2.004-0.847c-2.799-0.202-6.997-0.202-6.997-0.202 h-0.009c0,0-4.198,0-6.997,0.202C4.608,5.216,3.756,5.22,2.995,6.016C2.395,6.623,2.2,8.001,2.2,8.001S2,9.62,2,11.238v1.517 c0,1.618,0.2,3.237,0.2,3.237s0.195,1.378,0.795,1.985c0.761,0.797,1.76,0.771,2.205,0.855c1.6,0.153,6.8,0.201,6.8,0.201 s4.203-0.006,7.001-0.209c0.391-0.047,1.243-0.051,2.004-0.847c0.6-0.607,0.795-1.985,0.795-1.985s0.2-1.618,0.2-3.237v-1.517 C22,9.62,21.8,8.001,21.8,8.001z M9.935,14.594l-0.001-5.62l5.404,2.82L9.935,14.594z\"><\/path><\/svg><span class=\"wp-block-social-link-label screen-reader-text\">YouTube<\/span><\/a><\/li><\/ul>\n\n\n\n<hr class=\"wp-block-separator has-alpha-channel-opacity\"\/>\n\n\n\n<div style=\"height:20px\" aria-hidden=\"true\" class=\"wp-block-spacer\"><\/div>\n\n\n\n<p><strong>Telefone \/ Whatsapp:<\/strong> (61) 99221-2214<br><strong>Localiza\u00e7\u00e3o:<\/strong> C\u00e9u da Hoaska &#8211; GO-225 Santo Ant\u00f4nio do Descuberto &#8211; GO<\/p>\n\n\n\n<iframe src=\"https:\/\/www.google.com\/maps\/embed?pb=!1m18!1m12!1m3!1d3837.4957522223463!2d-48.38224162465145!3d-15.883078125145387!2m3!1f0!2f0!3f0!3m2!1i1024!2i768!4f13.1!3m3!1m2!1s0x935bc3dcbb18030b%3A0xf82637be5ebb9c1e!2sC%C3%A9u%20da%20Hoaska!5e0!3m2!1spt-BR!2sbr!4v1681599143949!5m2!1spt-BR!2sbr\" width=\"600\" height=\"450\" style=\"border:0;\" allowfullscreen=\"\" loading=\"lazy\" referrerpolicy=\"no-referrer-when-downgrade\"><\/iframe>\n\n\n\n<div style=\"height:133px\" aria-hidden=\"true\" class=\"wp-block-spacer\"><\/div>\n<\/div>\n<\/div>\n\n\n\n<div class=\"wp-block-group is-nowrap is-layout-flex wp-container-core-group-layout-1 wp-block-group-is-layout-flex\"><\/div>\n","protected":false},"excerpt":{"rendered":"<p>C\u00c9U DA HOASCA SEJAM MUITO BEM-VINDOS\/AS \u00c0 NOSSA CASA FAMILIAR AMOROSA C\u00c9U DA HOASKA, UMA ESCOLA DE AUTOCONHECIMENTO, ESTUDO, ORA\u00c7\u00c3O E APROFUNDAMENTO ESPIRITUAL E PSICOL\u00d3GICO, PARA O BENEF\u00cdCIO DE TODOS OS SERES. Somos uma institui\u00e7\u00e3o religiosa sem fins lucrativos com trabalhos espirituais conhecida como C.E.U da Hoaska, aqui fazemos um trabalho universalista e ecum\u00eanico, respeitando-se [&hellip;]<\/p>\n","protected":false},"author":1,"featured_media":0,"parent":0,"menu_order":0,"comment_status":"closed","ping_status":"closed","template":"","meta":{"footnotes":""},"_links":{"self":[{"href":"https:\/\/ceudahoaska.org\/index.php?rest_route=\/wp\/v2\/pages\/39"}],"collection":[{"href":"https:\/\/ceudahoaska.org\/index.php?rest_route=\/wp\/v2\/pages"}],"about":[{"href":"https:\/\/ceudahoaska.org\/index.php?rest_route=\/wp\/v2\/types\/page"}],"author":[{"embeddable":true,"href":"https:\/\/ceudahoaska.org\/index.php?rest_route=\/wp\/v2\/users\/1"}],"replies":[{"embeddable":true,"href":"https:\/\/ceudahoaska.org\/index.php?rest_route=%2Fwp%2Fv2%2Fcomments&post=39"}],"version-history":[{"count":11,"href":"https:\/\/ceudahoaska.org\/index.php?rest_route=\/wp\/v2\/pages\/39\/revisions"}],"predecessor-version":[{"id":265,"href":"https:\/\/ceudahoaska.org\/index.php?rest_route=\/wp\/v2\/pages\/39\/revisions\/265"}],"wp:attachment":[{"href":"https:\/\/ceudahoaska.org\/index.php?rest_route=%2Fwp%2Fv2%2Fmedia&parent=39"}],"curies":[{"name":"wp","href":"https:\/\/api.w.org\/{rel}","templated":true}]}}