{"id":38,"date":"2023-04-15T20:13:14","date_gmt":"2023-04-15T20:13:14","guid":{"rendered":"https:\/\/ceudahoaska.org\/?page_id=38"},"modified":"2023-12-15T16:14:10","modified_gmt":"2023-12-15T19:14:10","slug":"home","status":"publish","type":"page","link":"https:\/\/ceudahoaska.org\/","title":{"rendered":"In\u00edcio"},"content":{"rendered":"\t\t<div data-elementor-type=\"wp-page\" data-elementor-id=\"38\" class=\"elementor elementor-38\" data-elementor-post-type=\"page\">\n\t\t\t\t\t\t\t<div class=\"elementor-element elementor-element-4ace417 e-flex e-con-boxed e-con e-parent\" data-id=\"4ace417\" data-element_type=\"container\" data-settings=\"{&quot;content_width&quot;:&quot;boxed&quot;}\" data-core-v316-plus=\"true\">\n\t\t\t\t\t<div class=\"e-con-inner\">\n\t\t\t\t<div class=\"elementor-element elementor-element-2a230e3 elementor-widget elementor-widget-image\" data-id=\"2a230e3\" data-element_type=\"widget\" data-widget_type=\"image.default\">\n\t\t\t\t<div class=\"elementor-widget-container\">\n\t\t\t<style>\/*! elementor - v3.18.0 - 20-12-2023 *\/\n.elementor-widget-image{text-align:center}.elementor-widget-image a{display:inline-block}.elementor-widget-image a img[src$=\".svg\"]{width:48px}.elementor-widget-image img{vertical-align:middle;display:inline-block}<\/style>\t\t\t\t\t\t\t\t\t\t\t\t<img decoding=\"async\" src=\"https:\/\/ceudahoaska.org\/wp-content\/uploads\/elementor\/thumbs\/CAPA-01-qly0q9mja625rbx1y8uxyqafcb0alecnwo8pz7vfcg.png\" title=\"CAPA-01\" alt=\"CAPA-01\" loading=\"lazy\" \/>\t\t\t\t\t\t\t\t\t\t\t\t\t\t\t<\/div>\n\t\t\t\t<\/div>\n\t\t\t\t\t<\/div>\n\t\t\t\t<\/div>\n\t\t<div class=\"elementor-element elementor-element-7bf320ad e-flex e-con-boxed e-con e-parent\" data-id=\"7bf320ad\" data-element_type=\"container\" data-settings=\"{&quot;content_width&quot;:&quot;boxed&quot;}\" data-core-v316-plus=\"true\">\n\t\t\t\t\t<div class=\"e-con-inner\">\n\t\t\t\t<div class=\"elementor-element elementor-element-2ab7ed53 elementor-widget elementor-widget-text-editor\" data-id=\"2ab7ed53\" data-element_type=\"widget\" data-widget_type=\"text-editor.default\">\n\t\t\t\t<div class=\"elementor-widget-container\">\n\t\t\t<style>\/*! elementor - v3.18.0 - 20-12-2023 *\/\n.elementor-widget-text-editor.elementor-drop-cap-view-stacked .elementor-drop-cap{background-color:#69727d;color:#fff}.elementor-widget-text-editor.elementor-drop-cap-view-framed .elementor-drop-cap{color:#69727d;border:3px solid;background-color:transparent}.elementor-widget-text-editor:not(.elementor-drop-cap-view-default) .elementor-drop-cap{margin-top:8px}.elementor-widget-text-editor:not(.elementor-drop-cap-view-default) .elementor-drop-cap-letter{width:1em;height:1em}.elementor-widget-text-editor .elementor-drop-cap{float:left;text-align:center;line-height:1;font-size:50px}.elementor-widget-text-editor .elementor-drop-cap-letter{display:inline-block}<\/style>\t\t\t\t<!-- wp:spacer {\"height\":\"120px\"} -->\n<div style=\"height:120px\" aria-hidden=\"true\" class=\"wp-block-spacer\"><\/div>\n<!-- \/wp:spacer -->\n\n<!-- wp:columns {\"className\":\" cols-bordered cols-rounded cols-padding cols-shadow-hover\"} -->\n<div class=\"wp-block-columns cols-bordered cols-rounded cols-padding cols-shadow-hover\"><!-- wp:column {\"className\":\"\"} -->\n<div class=\"wp-block-column\"><!-- wp:image {\"align\":\"center\",\"id\":133,\"width\":75,\"height\":75,\"sizeSlug\":\"thumbnail\",\"linkDestination\":\"none\",\"className\":\"is-style-default\"} -->\n<figure class=\"wp-block-image aligncenter size-thumbnail is-resized is-style-default\"><img decoding=\"async\" src=\"https:\/\/ceudahoaska.org\/wp-content\/themes\/exs-church\/assets\/img\/icon-praying.png\" alt=\"\" class=\"wp-image-133\" width=\"75\" height=\"75\"\/><\/figure>\n<!-- \/wp:image -->\n\n<!-- wp:heading {\"textAlign\":\"center\",\"level\":3,\"className\":\"mt-05 mb-1\"} -->\n<h3 class=\"wp-block-heading has-text-align-center mt-05 mb-1\"><strong>Ayahuasca<\/strong><\/h3>\n<!-- \/wp:heading -->\n\n<!-- wp:paragraph {\"align\":\"center\",\"className\":\"\"} -->\n<p class=\"has-text-align-center\">Consagramos a bebida sacramental tamb\u00e9m conhecida como Santo Daime. Medicina da floresta de amplo espectro no campo emocional, f\u00edsico e espiritual.<\/p>\n<!-- \/wp:paragraph -->\n\n<!-- wp:buttons {\"layout\":{\"type\":\"flex\",\"justifyContent\":\"center\"}} -->\n<div class=\"wp-block-buttons\"><!-- wp:button -->\n<div class=\"wp-block-button\"><a class=\"wp-block-button__link wp-element-button\" href=\"https:\/\/ceudahoaska.org\/?page_id=39\">Saiba mais<\/a><\/div>\n<!-- \/wp:button --><\/div>\n<!-- \/wp:buttons --><\/div>\n<!-- \/wp:column -->\n\n<!-- wp:column {\"className\":\"\"} -->\n<div class=\"wp-block-column\"><!-- wp:image {\"align\":\"center\",\"id\":166,\"width\":76,\"height\":76,\"sizeSlug\":\"full\",\"linkDestination\":\"none\",\"className\":\"\"} -->\n<figure class=\"wp-block-image aligncenter size-full is-resized\"><img decoding=\"async\" src=\"https:\/\/ceudahoaska.org\/wp-content\/uploads\/2023\/04\/om.png\" alt=\"\" class=\"wp-image-166\" width=\"76\" height=\"76\" srcset=\"https:\/\/ceudahoaska.org\/wp-content\/uploads\/2023\/04\/om.png 256w, https:\/\/ceudahoaska.org\/wp-content\/uploads\/2023\/04\/om-150x150.png 150w\" sizes=\"(max-width: 76px) 100vw, 76px\" \/><\/figure>\n<!-- \/wp:image -->\n\n<!-- wp:heading {\"textAlign\":\"center\",\"level\":3,\"className\":\"mt-05 mb-1\"} -->\n<h3 class=\"wp-block-heading has-text-align-center mt-05 mb-1\"><strong>Ecum\u00eanico<\/strong><\/h3>\n<!-- \/wp:heading -->\n\n<!-- wp:paragraph {\"align\":\"center\",\"className\":\"\"} -->\n<p class=\"has-text-align-center\">Realizamos trabalhos espirituais de cunho universalista e ecum\u00eanico, respeitando-se todas as religi\u00f5es e linhas filos\u00f3ficas de amor. <\/p>\n<!-- \/wp:paragraph -->\n\n<!-- wp:buttons {\"layout\":{\"type\":\"flex\",\"justifyContent\":\"center\"}} -->\n<div class=\"wp-block-buttons\"><!-- wp:button -->\n<div class=\"wp-block-button\"><a class=\"wp-block-button__link wp-element-button\" href=\"https:\/\/ceudahoaska.org\/?page_id=39\">Saiba mais<\/a><\/div>\n<!-- \/wp:button --><\/div>\n<!-- \/wp:buttons --><\/div>\n<!-- \/wp:column -->\n\n<!-- wp:column {\"className\":\"\"} -->\n<div class=\"wp-block-column\"><!-- wp:image {\"align\":\"center\",\"id\":165,\"width\":84,\"height\":84,\"sizeSlug\":\"full\",\"linkDestination\":\"none\",\"className\":\"is-style-default\"} -->\n<figure class=\"wp-block-image aligncenter size-full is-resized is-style-default\"><img decoding=\"async\" src=\"https:\/\/ceudahoaska.org\/wp-content\/uploads\/2023\/04\/casa.png\" alt=\"\" class=\"wp-image-165\" width=\"84\" height=\"84\" srcset=\"https:\/\/ceudahoaska.org\/wp-content\/uploads\/2023\/04\/casa.png 256w, https:\/\/ceudahoaska.org\/wp-content\/uploads\/2023\/04\/casa-150x150.png 150w\" sizes=\"(max-width: 84px) 100vw, 84px\" \/><\/figure>\n<!-- \/wp:image -->\n\n<!-- wp:heading {\"textAlign\":\"center\",\"level\":3,\"className\":\"mt-05 mb-1\"} -->\n<h3 class=\"wp-block-heading has-text-align-center mt-05 mb-1\"><strong>Casa de Ret<\/strong>iro<\/h3>\n<!-- \/wp:heading -->\n\n<!-- wp:paragraph {\"align\":\"center\",\"className\":\"\"} -->\n<p class=\"has-text-align-center\">Aqui primamos pelo bom relacionamento entre os frequentadores, disponibilizamos chal\u00e9s para passar a noite ap\u00f3s os trabalhos.  <\/p>\n<!-- \/wp:paragraph -->\n\n<!-- wp:buttons {\"layout\":{\"type\":\"flex\",\"justifyContent\":\"center\"}} -->\n<div class=\"wp-block-buttons\"><!-- wp:button -->\n<div class=\"wp-block-button\"><a class=\"wp-block-button__link wp-element-button\" href=\"https:\/\/ceudahoaska.org\/?page_id=39\">Saiba mais<\/a><\/div>\n<!-- \/wp:button --><\/div>\n<!-- \/wp:buttons --><\/div>\n<!-- \/wp:column --><\/div>\n<!-- \/wp:columns -->\n\n<!-- wp:spacer -->\n<div style=\"height:100px\" aria-hidden=\"true\" class=\"wp-block-spacer\"><\/div>\n<!-- \/wp:spacer -->\n\n<!-- wp:columns {\"verticalAlignment\":\"center\",\"className\":\"l m cols-single-md gap-0\"} -->\n<div class=\"wp-block-columns are-vertically-aligned-center l m cols-single-md gap-0\"><!-- wp:column {\"verticalAlignment\":\"center\",\"width\":\"50%\",\"className\":\"\"} -->\n<div class=\"wp-block-column is-vertically-aligned-center\" style=\"flex-basis:50%\"><!-- wp:image {\"id\":395,\"sizeSlug\":\"full\",\"linkDestination\":\"custom\",\"className\":\"mb-0\"} -->\n<figure class=\"wp-block-image size-full mb-0\"><a href=\"https:\/\/www.youtube.com\/watch?v=x_wv9O_ovqU\"><img decoding=\"async\" src=\"https:\/\/ceudahoaska.org\/wp-content\/uploads\/2023\/04\/339478537_1270032397201938_8526737292621656920_n-e1681601135604.jpg\" alt=\"\" class=\"wp-image-395\"\/><\/a><\/figure>\n<!-- \/wp:image --><\/div>\n<!-- \/wp:column -->\n\n<!-- wp:column {\"verticalAlignment\":\"center\",\"width\":\"50%\",\"className\":\"p-big\"} -->\n<div class=\"wp-block-column is-vertically-aligned-center p-big\" style=\"flex-basis:50%\"><!-- wp:heading {\"className\":\"mb-0 mt-1\"} -->\n<h2 class=\"wp-block-heading mb-0 mt-1\">Nosso Trabalho<\/h2>\n<!-- \/wp:heading -->\n\n<!-- wp:separator {\"opacity\":\"css\",\"className\":\"mt-2 mb-2\"} -->\n<hr class=\"wp-block-separator has-css-opacity mt-2 mb-2\"\/>\n<!-- \/wp:separator -->\n\n<!-- wp:heading {\"level\":4} -->\n<h4 class=\"wp-block-heading\">Conhe\u00e7a nossos trabalhos espirituais e sociais<\/h4>\n<!-- \/wp:heading -->\n\n<!-- wp:paragraph {\"className\":\"\"} -->\n<p>Realizamos trabalhos de cunho universal e ecum\u00eanico, onde consagramos a bebida sagrada ayahuasca. Fazemos trabalhos a cada 14 dias de concentra\u00e7\u00e3o, medita\u00e7\u00e3o e hin\u00e1rios. Somos uma escola de autoconhecimento, estudo, ora\u00e7\u00e3o e aprofundamento psicol\u00f3gico e espiritual.<\/p>\n<!-- \/wp:paragraph -->\n\n<!-- wp:buttons {\"className\":\"mt-3 mb-1\"} -->\n<div class=\"wp-block-buttons mt-3 mb-1\"><!-- wp:button {\"className\":\"\"} -->\n<div class=\"wp-block-button\"><a class=\"wp-block-button__link wp-element-button\" href=\"https:\/\/ceudahoaska.org\/?page_id=41\">Cronograma<\/a><\/div>\n<!-- \/wp:button -->\n\n<!-- wp:button {\"backgroundColor\":\"main\",\"className\":\"\"} -->\n<div class=\"wp-block-button\"><a class=\"wp-block-button__link has-main-background-color has-background wp-element-button\" href=\"https:\/\/wa.me\/556192212214\">Contato<\/a><\/div>\n<!-- \/wp:button --><\/div>\n<!-- \/wp:buttons --><\/div>\n<!-- \/wp:column --><\/div>\n<!-- \/wp:columns -->\n\n<!-- wp:spacer -->\n<div style=\"height:100px\" aria-hidden=\"true\" class=\"wp-block-spacer\"><\/div>\n<!-- \/wp:spacer -->\n\n<!-- wp:group {\"className\":\" pt-1 pb-1\"} -->\n<div class=\"wp-block-group pt-1 pb-1\"><!-- wp:heading {\"textAlign\":\"center\",\"className\":\"mb-05\",\"fontSize\":\"xxl\"} -->\n<h2 class=\"wp-block-heading has-text-align-center mb-05 has-xxl-font-size\">Venha nos Conhecer<\/h2>\n<!-- \/wp:heading -->\n\n<!-- wp:paragraph {\"align\":\"center\",\"className\":\"\",\"fontSize\":\"normal\"} -->\n<p class=\"has-text-align-center has-normal-font-size\">Em nossa casinha familiar amorosa primamos pelos relacionamentos com os irm\u00e3os e as irm\u00e3s, <\/p>\n<!-- \/wp:paragraph -->\n\n<!-- wp:paragraph {\"align\":\"center\",\"className\":\"\",\"fontSize\":\"normal\"} -->\n<p class=\"has-text-align-center has-normal-font-size\">em luz, paz, respeito, amor e harmonia.<\/p>\n<!-- \/wp:paragraph -->\n\n<!-- wp:separator {\"opacity\":\"css\",\"className\":\"center mt-2 mb-2\"} -->\n<hr class=\"wp-block-separator has-css-opacity center mt-2 mb-2\"\/>\n<!-- \/wp:separator --><\/div>\n<!-- \/wp:group -->\n\n<!-- wp:columns {\"className\":\"cols-single-sm gap-30\"} -->\n<div class=\"wp-block-columns cols-single-sm gap-30\"><!-- wp:column {\"className\":\"\"} -->\n<div class=\"wp-block-column\"><!-- wp:cover {\"url\":\"https:\/\/ceudahoaska.org\/wp-content\/uploads\/2023\/04\/1262939_316032261872169_9234842_o.jpg\",\"id\":85,\"dimRatio\":60,\"minHeight\":440,\"contentPosition\":\"center center\",\"className\":\"\"} -->\n<div class=\"wp-block-cover\" style=\"min-height:440px\"><span aria-hidden=\"true\" class=\"wp-block-cover__background has-background-dim-60 has-background-dim\"><\/span><img loading=\"lazy\" decoding=\"async\" width=\"2048\" height=\"1536\" class=\"wp-block-cover__image-background wp-image-85\" alt=\"\" src=\"https:\/\/ceudahoaska.org\/wp-content\/uploads\/2023\/04\/1262939_316032261872169_9234842_o.jpg\" data-object-fit=\"cover\" srcset=\"https:\/\/ceudahoaska.org\/wp-content\/uploads\/2023\/04\/1262939_316032261872169_9234842_o.jpg 2048w, https:\/\/ceudahoaska.org\/wp-content\/uploads\/2023\/04\/1262939_316032261872169_9234842_o-300x225.jpg 300w, https:\/\/ceudahoaska.org\/wp-content\/uploads\/2023\/04\/1262939_316032261872169_9234842_o-1024x768.jpg 1024w, https:\/\/ceudahoaska.org\/wp-content\/uploads\/2023\/04\/1262939_316032261872169_9234842_o-768x576.jpg 768w, https:\/\/ceudahoaska.org\/wp-content\/uploads\/2023\/04\/1262939_316032261872169_9234842_o-1536x1152.jpg 1536w, https:\/\/ceudahoaska.org\/wp-content\/uploads\/2023\/04\/1262939_316032261872169_9234842_o-1140x855.jpg 1140w\" sizes=\"(max-width: 2048px) 100vw, 2048px\" \/><div class=\"wp-block-cover__inner-container\"><!-- wp:paragraph {\"placeholder\":\"Write title\u2026\",\"className\":\"\",\"fontSize\":\"large\"} -->\n<p class=\"has-large-font-size\"><strong>Nossos Trabalhos<\/strong><\/p>\n<!-- \/wp:paragraph -->\n\n<!-- wp:paragraph {\"className\":\"\"} -->\n<p>Realizamos trabalhos de Concentra\u00e7\u00e3o, medita\u00e7\u00e3o e Hin\u00e1rios.<\/p>\n<!-- \/wp:paragraph --><\/div><\/div>\n<!-- \/wp:cover --><\/div>\n<!-- \/wp:column -->\n\n<!-- wp:column {\"className\":\"\"} -->\n<div class=\"wp-block-column\"><!-- wp:cover {\"url\":\"https:\/\/ceudahoaska.org\/wp-content\/uploads\/2023\/04\/122789175_3510833702311726_709074192897377202_n-e1681596496315.jpg\",\"id\":89,\"dimRatio\":60,\"minHeight\":204,\"minHeightUnit\":\"px\",\"className\":\"\"} -->\n<div class=\"wp-block-cover\" style=\"min-height:204px\"><span aria-hidden=\"true\" class=\"wp-block-cover__background has-background-dim-60 has-background-dim\"><\/span><img loading=\"lazy\" decoding=\"async\" width=\"720\" height=\"465\" class=\"wp-block-cover__image-background wp-image-89\" alt=\"\" src=\"https:\/\/ceudahoaska.org\/wp-content\/uploads\/2023\/04\/122789175_3510833702311726_709074192897377202_n-e1681596496315.jpg\" data-object-fit=\"cover\" srcset=\"https:\/\/ceudahoaska.org\/wp-content\/uploads\/2023\/04\/122789175_3510833702311726_709074192897377202_n-e1681596496315.jpg 720w, https:\/\/ceudahoaska.org\/wp-content\/uploads\/2023\/04\/122789175_3510833702311726_709074192897377202_n-e1681596496315-300x194.jpg 300w\" sizes=\"(max-width: 720px) 100vw, 720px\" \/><div class=\"wp-block-cover__inner-container\"><!-- wp:paragraph {\"align\":\"right\",\"placeholder\":\"Write title\u2026\",\"className\":\"\",\"fontSize\":\"large\"} -->\n<p class=\"has-text-align-right has-large-font-size\"><strong>Casinha familiar<\/strong><\/p>\n<!-- \/wp:paragraph -->\n\n<!-- wp:paragraph {\"align\":\"right\",\"className\":\"\"} -->\n<p class=\"has-text-align-right\">Desfrutamos de uma alimenta\u00e7\u00e3o saud\u00e1vel e medicinal.<\/p>\n<!-- \/wp:paragraph --><\/div><\/div>\n<!-- \/wp:cover -->\n\n<!-- wp:spacer {\"height\":\"30px\",\"className\":\"\"} -->\n<div style=\"height:30px\" aria-hidden=\"true\" class=\"wp-block-spacer\"><\/div>\n<!-- \/wp:spacer -->\n\n<!-- wp:cover {\"url\":\"https:\/\/ceudahoaska.org\/wp-content\/uploads\/2023\/04\/278454543_7343924132347996_2140521774105651417_n-e1681596456457.jpg\",\"id\":88,\"dimRatio\":60,\"minHeight\":205,\"minHeightUnit\":\"px\",\"className\":\"\"} -->\n<div class=\"wp-block-cover\" style=\"min-height:205px\"><span aria-hidden=\"true\" class=\"wp-block-cover__background has-background-dim-60 has-background-dim\"><\/span><img loading=\"lazy\" decoding=\"async\" width=\"960\" height=\"436\" class=\"wp-block-cover__image-background wp-image-88\" alt=\"\" src=\"https:\/\/ceudahoaska.org\/wp-content\/uploads\/2023\/04\/278454543_7343924132347996_2140521774105651417_n-e1681596456457.jpg\" data-object-fit=\"cover\" srcset=\"https:\/\/ceudahoaska.org\/wp-content\/uploads\/2023\/04\/278454543_7343924132347996_2140521774105651417_n-e1681596456457.jpg 960w, https:\/\/ceudahoaska.org\/wp-content\/uploads\/2023\/04\/278454543_7343924132347996_2140521774105651417_n-e1681596456457-300x136.jpg 300w, https:\/\/ceudahoaska.org\/wp-content\/uploads\/2023\/04\/278454543_7343924132347996_2140521774105651417_n-e1681596456457-768x349.jpg 768w\" sizes=\"(max-width: 960px) 100vw, 960px\" \/><div class=\"wp-block-cover__inner-container\"><!-- wp:paragraph {\"align\":\"right\",\"placeholder\":\"Write title\u2026\",\"className\":\"\",\"fontSize\":\"large\"} -->\n<p class=\"has-text-align-right has-large-font-size\"><strong>Localiza\u00e7\u00e3o<\/strong><\/p>\n<!-- \/wp:paragraph -->\n\n<!-- wp:paragraph {\"align\":\"right\",\"className\":\"\"} -->\n<p class=\"has-text-align-right\">Estamos localizados em uma regi\u00e3o de natureza conservada.<\/p>\n<!-- \/wp:paragraph --><\/div><\/div>\n<!-- \/wp:cover --><\/div>\n<!-- \/wp:column --><\/div>\n<!-- \/wp:columns -->\n\n<!-- wp:separator {\"align\":\"full\",\"className\":\"mt-5 mb-5\"} -->\n<hr class=\"wp-block-separator alignfull has-alpha-channel-opacity mt-5 mb-5\"\/>\n<!-- \/wp:separator -->\n\n<!-- wp:group {\"className\":\"extra-padding i c rounded\",\"layout\":{\"type\":\"constrained\"}} -->\n<div class=\"wp-block-group extra-padding i c rounded\"><!-- wp:heading {\"textAlign\":\"center\",\"level\":3,\"className\":\"mb-05\",\"fontSize\":\"xl\"} -->\n<h3 class=\"wp-block-heading has-text-align-center mb-05 has-xl-font-size\">Se houver alguma d\u00favida entre em Contato.<\/h3>\n<!-- \/wp:heading -->\n\n<!-- wp:paragraph {\"align\":\"center\"} -->\n<p class=\"has-text-align-center\">&#8221;Dai-me for\u00e7a, dai-me amor, dai-me luz.&#8221;<\/p>\n<!-- \/wp:paragraph -->\n\n<!-- wp:buttons {\"layout\":{\"type\":\"flex\",\"justifyContent\":\"center\"}} -->\n<div class=\"wp-block-buttons\"><!-- wp:button {\"className\":\"is-style-fill\"} -->\n<div class=\"wp-block-button is-style-fill\"><a class=\"wp-block-button__link wp-element-button\" href=\"https:\/\/wa.me\/556192212214\">Contato<\/a><\/div>\n<!-- \/wp:button --><\/div>\n<!-- \/wp:buttons -->\n\n<!-- wp:spacer {\"height\":\"20px\"} -->\n<div style=\"height:20px\" aria-hidden=\"true\" class=\"wp-block-spacer\"><\/div>\n<!-- \/wp:spacer --><\/div>\n<!-- \/wp:group -->\n\n<!-- wp:spacer {\"height\":\"182px\"} -->\n<div style=\"height:182px\" aria-hidden=\"true\" class=\"wp-block-spacer\"><\/div>\n<!-- \/wp:spacer -->\n\n<!-- wp:spacer {\"height\":\"0px\"} -->\n<div style=\"height:0px\" aria-hidden=\"true\" class=\"wp-block-spacer\"><\/div>\n<!-- \/wp:spacer -->\n\n<!-- wp:html -->\n<link rel=\"stylesheet\" href=\"https:\/\/maxcdn.bootstrapcdn.com\/font-awesome\/4.5.0\/css\/font-awesome.min.css\">\n<a href=\"https:\/\/wa.me\/556192212214\" style=\"position:fixed;width:60px;height:60px;bottom:40px;right:40px;background-color:#25d366;color:#FFF;border-radius:50px;text-align:center;font-size:30px;box-shadow: 1px 1px 2px #888;\n  z-index:1000;\" target=\"_blank\" rel=\"noopener\">\n<i style=\"margin-top:16px\" class=\"fa fa-whatsapp\"><\/i>\n<\/a>\n<!-- \/wp:html -->\t\t\t\t\t\t<\/div>\n\t\t\t\t<\/div>\n\t\t\t\t\t<\/div>\n\t\t\t\t<\/div>\n\t\t\t\t\t\t\t<\/div>\n\t\t","protected":false},"excerpt":{"rendered":"<p>Ayahuasca Consagramos a bebida sacramental tamb\u00e9m conhecida como Santo Daime. Medicina da floresta de amplo espectro no campo emocional, f\u00edsico e espiritual. Ecum\u00eanico Realizamos trabalhos espirituais de cunho universalista e ecum\u00eanico, respeitando-se todas as religi\u00f5es e linhas filos\u00f3ficas de amor. Casa de Retiro Aqui primamos pelo bom relacionamento entre os frequentadores, disponibilizamos chal\u00e9s para passar [&hellip;]<\/p>\n","protected":false},"author":1,"featured_media":0,"parent":0,"menu_order":0,"comment_status":"closed","ping_status":"closed","template":"","meta":{"footnotes":""},"_links":{"self":[{"href":"https:\/\/ceudahoaska.org\/index.php?rest_route=\/wp\/v2\/pages\/38"}],"collection":[{"href":"https:\/\/ceudahoaska.org\/index.php?rest_route=\/wp\/v2\/pages"}],"about":[{"href":"https:\/\/ceudahoaska.org\/index.php?rest_route=\/wp\/v2\/types\/page"}],"author":[{"embeddable":true,"href":"https:\/\/ceudahoaska.org\/index.php?rest_route=\/wp\/v2\/users\/1"}],"replies":[{"embeddable":true,"href":"https:\/\/ceudahoaska.org\/index.php?rest_route=%2Fwp%2Fv2%2Fcomments&post=38"}],"version-history":[{"count":26,"href":"https:\/\/ceudahoaska.org\/index.php?rest_route=\/wp\/v2\/pages\/38\/revisions"}],"predecessor-version":[{"id":444,"href":"https:\/\/ceudahoaska.org\/index.php?rest_route=\/wp\/v2\/pages\/38\/revisions\/444"}],"wp:attachment":[{"href":"https:\/\/ceudahoaska.org\/index.php?rest_route=%2Fwp%2Fv2%2Fmedia&parent=38"}],"curies":[{"name":"wp","href":"https:\/\/api.w.org\/{rel}","templated":true}]}}